{"id":576,"date":"2018-12-29T12:17:37","date_gmt":"2018-12-29T09:17:37","guid":{"rendered":"http:\/\/www.mebid.org\/?page_id=576"},"modified":"2025-05-21T17:26:19","modified_gmt":"2025-05-21T14:26:19","slug":"kurumsal-uyeler-2","status":"publish","type":"page","link":"https:\/\/www.mebid.org\/tr\/kurumsal-uyeler-2\/","title":{"rendered":"Kurumsal \u00dcyeler"},"content":{"rendered":"<section class=\"av_textblock_section \"  itemscope=\"itemscope\" itemtype=\"https:\/\/schema.org\/CreativeWork\" ><div class='avia_textblock  '  style='font-size:16px; '  itemprop=\"text\" ><p><strong><a href=\"https:\/\/www.eryigit.com.tr\/\">Eryi\u011fit End&uuml;striyel Makina A.\u015e.<\/a><\/strong><\/p>\n<p><strong><a href=\"http:\/\/eryigitbiotec.com\/\">Eryi\u011fit Biyoteknoloji A.\u015e.<\/a><\/strong><\/p>\n<p><strong><a href=\"https:\/\/www.polgen.com.tr\">Polgen Biyoteknoloji A.\u015e.<\/a><\/strong><\/p>\n<p><strong><a href=\"http:\/\/goldgen.com.tr\/\">Goldgen Biyoteknoloji A.\u015e.<\/a><\/strong><\/p>\n<p><strong><a href=\"https:\/\/sentebiolab.com.tr\">Sentebiolab Biyoteknolojik &Uuml;r&uuml;nler Ltd. \u015eti.<\/a><\/strong><\/p>\n<p><strong><a href=\"http:\/\/www.sentegen.com\/\">Sentegen Biyoteknoloji Ltd. \u015eti.<\/a><\/strong><\/p>\n<p><strong><a href=\"https:\/\/www.mdrbiotest.com\/\"><strong>MDR Biouyumluluk Test ve Analizleri Faaliyetleri Ticaret A.\u015e.<\/strong><\/a><\/strong><\/p>\n<p><strong><a href=\"http:\/\/yukselismedikal.com\">Y&uuml;kseli\u015f Hastane Ekipmanlar\u0131 Ltd. \u015eti.<\/a><\/strong><\/p>\n<p><strong><a href=\"https:\/\/rimos.com.tr\/\">Rimos M&uuml;hendislik Ldt.\u015eti.<\/a><\/strong><\/p>\n<p><strong><a href=\"https:\/\/www.umsmedikal.com\">&Uuml;MS Medikal Ltd.\u015eti.<\/a><\/strong><\/p>\n<p><strong><a href=\"http:\/\/www.seramedikal.com.tr\">Sera Sa\u011fl\u0131k Ltd.\u015eti.<\/a><\/strong><\/p>\n<p><strong>Venaporta Ltd. \u015eti.<\/strong> <strong>\u0130mpetus Medikal Ltd. \u015eti.<\/strong><\/p>\n<p><strong>Kardiyosol Ar-Ge \u0130la&ccedil; Ltd. \u015eti.<\/strong><\/p>\n<\/div><\/section>\n","protected":false},"excerpt":{"rendered":"","protected":false},"author":1,"featured_media":0,"parent":0,"menu_order":0,"comment_status":"closed","ping_status":"closed","template":"","meta":[],"_links":{"self":[{"href":"https:\/\/www.mebid.org\/tr\/wp-json\/wp\/v2\/pages\/576\/"}],"collection":[{"href":"https:\/\/www.mebid.org\/tr\/wp-json\/wp\/v2\/pages\/"}],"about":[{"href":"https:\/\/www.mebid.org\/tr\/wp-json\/wp\/v2\/types\/page\/"}],"author":[{"embeddable":true,"href":"https:\/\/www.mebid.org\/tr\/wp-json\/wp\/v2\/users\/1\/"}],"replies":[{"embeddable":true,"href":"https:\/\/www.mebid.org\/tr\/wp-json\/wp\/v2\/comments\/?post=576"}],"version-history":[{"count":18,"href":"https:\/\/www.mebid.org\/tr\/wp-json\/wp\/v2\/pages\/576\/revisions\/"}],"predecessor-version":[{"id":949,"href":"https:\/\/www.mebid.org\/tr\/wp-json\/wp\/v2\/pages\/576\/revisions\/949\/"}],"wp:attachment":[{"href":"https:\/\/www.mebid.org\/tr\/wp-json\/wp\/v2\/media\/?parent=576"}],"curies":[{"name":"wp","href":"https:\/\/api.w.org\/{rel}","templated":true}]}}