{"id":393,"date":"2018-07-02T10:31:58","date_gmt":"2018-07-02T07:31:58","guid":{"rendered":"http:\/\/www.mebid.org\/?page_id=393"},"modified":"2018-07-02T12:18:01","modified_gmt":"2018-07-02T09:18:01","slug":"melek-yatirimcilik-girisim-sermayeciligi","status":"publish","type":"page","link":"https:\/\/www.mebid.org\/tr\/melek-yatirimcilik-girisim-sermayeciligi\/","title":{"rendered":"Melek Yat\u0131r\u0131mc\u0131l\u0131k &#038; Giri\u015fim Sermayecili\u011fi"},"content":{"rendered":"<div class=\"flex_column av_three_fourth  flex_column_div av-zero-column-padding first  \" style='border-radius:0px; '><section class=\"av_textblock_section \"  itemscope=\"itemscope\" itemtype=\"https:\/\/schema.org\/CreativeWork\" ><div class='avia_textblock  '   itemprop=\"text\" ><h3>Melek Yat\u0131r\u0131mc\u0131l\u0131k &amp; Giri\u015fim Sermayecili\u011fi<\/h3>\n<p>Yeni bir \u015firket kurdunuz veya kurmay\u0131 d\u00fc\u015f\u00fcn\u00fcyorsunuz. Veya bir \u00fcniversitede ara\u015ft\u0131rmac\u0131s\u0131n\u0131z, deney sonu\u00e7lar\u0131n\u0131z s\u00fcper bir ila\u00e7, ila\u00e7 sal\u0131m sistemi, harika bir t\u0131bbi cihaz, vs. yolunda oldu\u011funuzu g\u00f6steriyor. Kendinize ve \u00fcr\u00fcn\u00fcn\u00fcze g\u00fcveniyorsunuz. \u00d6nemli\u00a0bir bo\u015flu\u011fu doldurarak hem ekonomiye katk\u0131 sa\u011flayaca\u011f\u0131n\u0131za hem de yak\u0131n gelecekte \u00e7ok kar edece\u011finize inan\u0131yorsunuz. Ama hedeflerinizi ger\u00e7ekle\u015ftirebilmek i\u00e7in yeterli sermayeniz yok; zira medikal biyoteknoloji alan\u0131nda \u00fcr\u00fcn \u00fcretebilmek i\u00e7in y\u00fcksek teknoloji \u00fcr\u00fcn\u00fc bir altyap\u0131ya ihtiyac\u0131n\u0131z var: Ne yapabilirsiniz?<\/p>\n<p>Bu sorun asl\u0131nda d\u00fc\u015f\u00fcnd\u00fc\u011f\u00fcn\u00fczden \u00e7ok daha yayg\u0131n bir sorun ve d\u00fcnyan\u0131n her yerinde mevcut; haliyle bizden \u00f6nce bu i\u015fleri yapmaya ba\u015flam\u0131\u015f olan geli\u015fmi\u015f \u00fclkelerde bu soruna kar\u015f\u0131 \u00e7\u00f6z\u00fcmler de \u00fcretilmi\u015f. Bu durumdaki \u015firketlerin iki \u00f6nemli \u00e7\u0131k\u0131\u015f yolu var: Melek yat\u0131r\u0131mc\u0131l\u0131k (angel investor) ve giri\u015fim sermayecili\u011fi (venture capital). \u00dclkemizde her iki y\u00f6ntem de hen\u00fcz tam olarak yerle\u015fmemi\u015f oldu\u011fu i\u00e7in MEB\u0130D olarak ama\u00e7lar\u0131m\u0131zdan biri de bu iki kavram\u0131 hem sanayicilerimize hem de ara\u015ft\u0131rmac\u0131lar\u0131m\u0131za anlatmak ve rutin olarak uygulan\u0131r hale getirmektir.<\/p>\n<p>\u00d6ncelikle bu iki kavram\u0131n aras\u0131ndaki fark\u0131 anlayal\u0131m:<\/p>\n<ul>\n<li>Melek yat\u0131r\u0131mc\u0131lar genelde yanl\u0131z \u00e7al\u0131\u015f\u0131rlarken, gir\u015fim sermayecileri bir \u015firket b\u00fcnyesinde \u00e7al\u0131\u015f\u0131rlar.<\/li>\n<li>Melek yat\u0131r\u0131mc\u0131lar giri\u015fim sermayecilerine g\u00f6re daha az miktarlarda yat\u0131r\u0131m yaparlar ve genelde ki\u015fisel kapitallerinden destek sa\u011flarlar. Giri\u015fim sermayecileri ise y\u00fcksek miktarlarda yat\u0131r\u0131m\u0131 \u015firket b\u00fcnyesinde yaparlar.<\/li>\n<li>Yat\u0131r\u0131m yapt\u0131klar\u0131 \u015firketlerden beklentileri de farkl\u0131d\u0131r. Melek yat\u0131r\u0131mc\u0131lar\u0131n sizden \u00e7ok bir beklentisi yoktur. E\u011fer yard\u0131mc\u0131 olmalar\u0131n\u0131 isterseniz yard\u0131mc\u0131 olabilirler, ama ne kadar kar\u0131\u015facaklar\u0131 genelde sizin istekleriniz ve onlar\u0131n \u00e7al\u0131\u015fma prensipleri ile belirlenir. Giri\u015fim sermayecili\u011finde ise size mali destekte bulunmalar\u0131 demek ayn\u0131 zamanda sizi ba\u015far\u0131l\u0131 bir \u015firket yapmak \u00fczere yat\u0131r\u0131m yapt\u0131klar\u0131 anlam\u0131na gelir. Dolay\u0131s\u0131 ile her a\u015famada \u015firketin yan\u0131 ba\u015f\u0131nda destek ve y\u00f6nlendirici olarak bulunacaklard\u0131r.<\/li>\n<li>Melek yat\u0131r\u0131mc\u0131lar genelde yeni ve k\u00fc\u00e7\u00fck \u015firketlere destek olurken giri\u015fim sermayecileri hem gen\u00e7 \u015firketlere hem de daha uzun s\u00fcredir piyasada olan daha olgun \u015firketlere destek olabilmektedir.<\/li>\n<\/ul>\n<\/div><\/section><\/div><div class=\"flex_column av_one_fourth  flex_column_div av-zero-column-padding   \" style='border-radius:0px; '><div class='avia-image-container  av-styling-    avia-align-center '  itemprop=\"ImageObject\" itemscope=\"itemscope\" itemtype=\"https:\/\/schema.org\/ImageObject\"  ><div class='avia-image-container-inner'><img class='avia_image ' src='https:\/\/www.mebid.org\/wp-content\/uploads\/2018\/07\/business-angel-3410930_1920-300x237.jpg' alt='' title='business-angel-3410930_1920'   itemprop=\"thumbnailUrl\"  \/><\/div><\/div><\/div><\/p>\n","protected":false},"excerpt":{"rendered":"","protected":false},"author":1,"featured_media":0,"parent":0,"menu_order":0,"comment_status":"closed","ping_status":"closed","template":"","meta":[],"_links":{"self":[{"href":"https:\/\/www.mebid.org\/tr\/wp-json\/wp\/v2\/pages\/393\/"}],"collection":[{"href":"https:\/\/www.mebid.org\/tr\/wp-json\/wp\/v2\/pages\/"}],"about":[{"href":"https:\/\/www.mebid.org\/tr\/wp-json\/wp\/v2\/types\/page\/"}],"author":[{"embeddable":true,"href":"https:\/\/www.mebid.org\/tr\/wp-json\/wp\/v2\/users\/1\/"}],"replies":[{"embeddable":true,"href":"https:\/\/www.mebid.org\/tr\/wp-json\/wp\/v2\/comments\/?post=393"}],"version-history":[{"count":7,"href":"https:\/\/www.mebid.org\/tr\/wp-json\/wp\/v2\/pages\/393\/revisions\/"}],"predecessor-version":[{"id":414,"href":"https:\/\/www.mebid.org\/tr\/wp-json\/wp\/v2\/pages\/393\/revisions\/414\/"}],"wp:attachment":[{"href":"https:\/\/www.mebid.org\/tr\/wp-json\/wp\/v2\/media\/?parent=393"}],"curies":[{"name":"wp","href":"https:\/\/api.w.org\/{rel}","templated":true}]}}