{"id":391,"date":"2018-07-02T10:31:14","date_gmt":"2018-07-02T07:31:14","guid":{"rendered":"http:\/\/www.mebid.org\/?page_id=391"},"modified":"2018-07-02T11:02:41","modified_gmt":"2018-07-02T08:02:41","slug":"universite-sanayi-isbirligi-duzeyleri","status":"publish","type":"page","link":"https:\/\/www.mebid.org\/tr\/universite-sanayi-isbirligi-duzeyleri\/","title":{"rendered":"\u00dcniversite &#038; Sanayi \u0130\u015fbirli\u011fi D\u00fczeyleri"},"content":{"rendered":"<div class=\"flex_column av_two_third  flex_column_div av-zero-column-padding first  \" style='border-radius:0px; '><section class=\"av_textblock_section \"  itemscope=\"itemscope\" itemtype=\"https:\/\/schema.org\/CreativeWork\" ><div class='avia_textblock  '   itemprop=\"text\" ><h3 dir=\"ltr\" data-placeholder=\"Translation\">\u00dcniversite &amp; Sanayi \u0130\u015fbirli\u011fi D\u00fczeyleri<\/h3>\n<p id=\"tw-target-text\" class=\"tw-data-text tw-ta tw-text-small\" dir=\"ltr\" data-placeholder=\"Translation\"><span lang=\"tr\">\u00dcniversite-sanayi ba\u011flant\u0131lar\u0131n\u0131n farkl\u0131 ama\u00e7lar\u0131, kapsamlar\u0131 ve kurumsal d\u00fczenlemeleri bulunabilir. \u0130\u015fbirli\u011fi d\u00fczeyi az ya da \u00e7ok yo\u011fun olabilir ve e\u011fitim veya ara\u015ft\u0131rma faaliyetlerine odaklanabilir. \u0130\u015fbirli\u011fi, resmi sermaye ortakl\u0131\u011f\u0131 \u015feklinde veya s\u00f6zle\u015fmeli olarak olabilece\u011fi gibi, ara\u015ft\u0131rma projeleri veya patent lisanslamalar\u0131 ile s\u0131n\u0131rl\u0131 da kalabilir. Bunlar\u0131n yan\u0131nda resmi veya gayri resmi d\u00fczeyde insan sermayesi hareketlil<\/span><span lang=\"tr\">i\u011fi, yay\u0131nlar ve konferanslar ve uzman gruplar\u0131ndaki etkile\u015fimlerden ibaret \u00fcniversite-sanayi i\u015fbirlikleri de bulunmaktad\u0131r.<\/span><\/p>\n<p class=\"tw-data-text tw-ta tw-text-small\" dir=\"ltr\" data-placeholder=\"Translation\"><span lang=\"tr\">\u00dcniversite &amp; sanayi i\u015fbirli\u011finde en \u00f6nemli ayr\u0131m uzun veya k\u0131sa vadeli i\u015fbirli\u011fi modelle<\/span>rinde bulunmaktad\u0131r. K\u0131sa vadeli i\u015fbirlikleri genellikle \u00f6nceden tan\u0131mlanm\u0131\u015f sonu\u00e7larla talep \u00fczerine problem \u00e7\u00f6zme s\u00fcrecinden olu\u015fur ve s\u00f6zle\u015fme ara\u015ft\u0131rmas\u0131, dan\u0131\u015fmanl\u0131k ve lisanslama yoluyla s\u00fcrd\u00fcr\u00fcl\u00fcr. Uzun d\u00f6nemli i\u015fbirlikleri ortak projeler ve kamu-\u00f6zel ortakl\u0131klar\u0131 (\u00f6zel finanse edilmi\u015f \u00fcniversite enstit\u00fcleri veya laboratuvarlar\u0131,\u00a0ortak \u00fcniversite-sanayi ara\u015ft\u0131rma merkezleri ve ara\u015ft\u0131rma konsorsiyumlar\u0131 dahil) ile ili\u015fkilendirilir. Daha uzun vadeli\u00a0i\u015fbirlikleri ise daha stratejik ve a\u00e7\u0131k u\u00e7lu, \u015firketlerin uzun vadede daha g\u00fc\u00e7l\u00fc bir yenilik\u00e7i kapasite geli\u015ftirebilecekleri, \u00fcniversitelerin yetenekleri, y\u00f6ntemleri ve ara\u00e7lar\u0131na dayanan \u00e7ok y\u00f6nl\u00fc bir platform sa\u011flamaktad\u0131r.<\/p>\n<\/div><\/section><\/div>\n<div class=\"flex_column av_one_third  flex_column_div av-zero-column-padding   \" style='border-radius:0px; '><p><div class='avia-image-container  av-styling-    avia-align-center '  itemprop=\"ImageObject\" itemscope=\"itemscope\" itemtype=\"https:\/\/schema.org\/ImageObject\"  ><div class='avia-image-container-inner'><img class='avia_image ' src='https:\/\/www.mebid.org\/wp-content\/uploads\/2018\/06\/caleb-woods-275754-unsplash-300x169.jpg' alt='' title='caleb-woods-275754-unsplash'   itemprop=\"thumbnailUrl\"  \/><\/div><\/div><br \/>\n<div class='avia-image-container  av-styling-    avia-align-center '  itemprop=\"ImageObject\" itemscope=\"itemscope\" itemtype=\"https:\/\/schema.org\/ImageObject\"  ><div class='avia-image-container-inner'><img class='avia_image ' src='https:\/\/www.mebid.org\/wp-content\/uploads\/2018\/07\/Webp.net-resizeimage-300x200.jpg' alt='' title='Webp.net-resizeimage'   itemprop=\"thumbnailUrl\"  \/><\/div><\/div><\/p><\/div>\n","protected":false},"excerpt":{"rendered":"","protected":false},"author":1,"featured_media":0,"parent":0,"menu_order":0,"comment_status":"closed","ping_status":"closed","template":"","meta":[],"_links":{"self":[{"href":"https:\/\/www.mebid.org\/tr\/wp-json\/wp\/v2\/pages\/391\/"}],"collection":[{"href":"https:\/\/www.mebid.org\/tr\/wp-json\/wp\/v2\/pages\/"}],"about":[{"href":"https:\/\/www.mebid.org\/tr\/wp-json\/wp\/v2\/types\/page\/"}],"author":[{"embeddable":true,"href":"https:\/\/www.mebid.org\/tr\/wp-json\/wp\/v2\/users\/1\/"}],"replies":[{"embeddable":true,"href":"https:\/\/www.mebid.org\/tr\/wp-json\/wp\/v2\/comments\/?post=391"}],"version-history":[{"count":3,"href":"https:\/\/www.mebid.org\/tr\/wp-json\/wp\/v2\/pages\/391\/revisions\/"}],"predecessor-version":[{"id":407,"href":"https:\/\/www.mebid.org\/tr\/wp-json\/wp\/v2\/pages\/391\/revisions\/407\/"}],"wp:attachment":[{"href":"https:\/\/www.mebid.org\/tr\/wp-json\/wp\/v2\/media\/?parent=391"}],"curies":[{"name":"wp","href":"https:\/\/api.w.org\/{rel}","templated":true}]}}