{"id":324,"date":"2018-06-27T13:57:44","date_gmt":"2018-06-27T10:57:44","guid":{"rendered":"http:\/\/www.mebid.org\/?page_id=324"},"modified":"2018-07-05T10:32:59","modified_gmt":"2018-07-05T07:32:59","slug":"medikal-biyoteknolojinin-gelecegi","status":"publish","type":"page","link":"https:\/\/www.mebid.org\/tr\/medikal-biyoteknolojinin-gelecegi\/","title":{"rendered":"Medikal Biyoteknolojinin Gelece\u011fi"},"content":{"rendered":"<div class=\"flex_column av_three_fourth  flex_column_div av-zero-column-padding first  \" style='border-radius:0px; '><section class=\"av_textblock_section \"  itemscope=\"itemscope\" itemtype=\"https:\/\/schema.org\/CreativeWork\" ><div class='avia_textblock  '   itemprop=\"text\" ><h3>Medikal Biyoteknolojinin Gelece\u011fi<\/h3>\n<p>Son 20 y\u0131lda molek\u00fcler biyoloji, biyoteknoloji, nanoteknoloji ve elektronik alan\u0131nda ger\u00e7ekle\u015ftirilen devasa ad\u0131mlar medikal biyoteknolojinin gelece\u011fini hayallerimizin s\u0131n\u0131rlar\u0131na s\u0131\u011fmayacak kadar de\u011fi\u015ftirmi\u015ftir. Sadece bilimkurgu kitaplar\u0131 veya filmlerinde g\u00f6rebilece\u011fimizi d\u00fc\u015f\u00fcnd\u00fc\u011f\u00fcm\u00fcz pek\u00e7ok \u015fey art\u0131k \u00f6n\u00fcm\u00fczdeki 10-20 senede hayat\u0131m\u0131z\u0131n rutin bir par\u00e7as\u0131 haline gelebilir. Bundan 10 y\u0131l \u00f6nce sadece d\u00fcnyan\u0131n en geli\u015fmi\u015f \u00fclkelerinin cirit att\u0131\u011f\u0131 medikal biyoteknoloji yar\u0131\u015f\u0131nda art\u0131k \u00c7in ve Kore gibi \u00fclkeler de en \u00f6n saflarda yerini almaya ba\u015flam\u0131\u015ft\u0131r. Bu ba\u015fl\u0131k alt\u0131nda hem d\u00fcnyada medikal biyoteknolojinin ilerledi\u011fi yol haritas\u0131 hakk\u0131nda bilgi verilecek hem de \u00fclkemizde bu konuda at\u0131lmas\u0131 gereken ad\u0131mlar de\u011ferlendirilecektir.<\/p>\n<\/div><\/section><\/div>\n<div class=\"flex_column av_one_fourth  flex_column_div av-zero-column-padding   \" style='border-radius:0px; '><div class='avia-image-container  av-styling-    avia-align-center '  itemprop=\"ImageObject\" itemscope=\"itemscope\" itemtype=\"https:\/\/schema.org\/ImageObject\"  ><div class='avia-image-container-inner'><img class='avia_image ' src='https:\/\/www.mebid.org\/wp-content\/uploads\/2018\/06\/542785-300x188.jpg' alt='' title='542785'   itemprop=\"thumbnailUrl\"  \/><\/div><\/div><\/div>\n<div class=\"tabcontainer   top_tab  \">\n\n<section class=\"av_tab_section\"  itemscope=\"itemscope\" itemtype=\"https:\/\/schema.org\/CreativeWork\" >    <div data-fake-id=\"#tab-id-1\" class=\"tab active_tab\"  itemprop=\"headline\" >D\u00fcnyada Medikal Biyoteknolojinin Gelece\u011fi<\/div>\n    <div id=\"tab-id-1-container\" class=\"tab_content active_tab_content\">\n        <div class=\"tab_inner_content invers-color\"  itemprop=\"text\" >\n<p>Medikal\u00a0biyoteknoloji kapsam\u0131nda pek\u00e7ok alanda \u00e7ok h\u0131zl\u0131 geli\u015fmelerin ya\u015fand\u0131\u011f\u0131 bir d\u00f6nemde oldu\u011fumuz i\u00e7in gelecekte ne ya\u015fanaca\u011f\u0131 sadece hayallerimizle s\u0131n\u0131rl\u0131 asl\u0131nda. Ama yak\u0131n gelecek i\u00e7in konu\u015facak olursak medikal biyoteknoloji alan\u0131nda beklenen geli\u015fmeler ba\u015fl\u0131ca \u015fu ana ba\u015fl\u0131klar alt\u0131nda toplanabilir:<\/p>\n<h4>Doku M\u00fchendisli\u011fi &amp; Rejeneratif T\u0131p:<\/h4>\n<p>K\u00f6k h\u00fccre biyolojisi, malzeme m\u00fchendisli\u011fi ve nanoteknolojideki son 10 y\u0131ldaki geli\u015fmeler doku m\u00fchendisli\u011fi ve rejeneratif t\u0131p alan\u0131ndaki \u00e7al\u0131\u015fmalara \u00e7\u0131\u011f\u0131r atlatm\u0131\u015ft\u0131r. \u00d6zellikle insanlar\u0131n kendi deri h\u00fccrelerinden k\u00f6k h\u00fccre \u00fcretebilme ve bu k\u00f6k h\u00fccreleri v\u00fccuttaki hemen her h\u00fccreye d\u00f6n\u00fc\u015febilmesi bozulan veya kaybedilen organlar\u0131n ve dokular\u0131n yenilerinin yap\u0131lmas\u0131 i\u00e7in son derece b\u00fcy\u00fck \u00f6neme sahiptir. Bununla birlikte bu h\u00fccrelerin do\u011fru sinyallerle do\u011fru h\u00fccre tiplerine d\u00f6n\u00fc\u015febilmelerini sa\u011flayacak do\u011fal dokuya benzer nanoteknolojik malzemeler de doku m\u00fchendisli\u011fi ve rejeneratif t\u0131p alan\u0131n\u0131n \u00f6n\u00fcn\u00fc a\u00e7m\u0131\u015ft\u0131r. Yak\u0131n gelecekte art\u0131k k\u0131r\u0131lan kemiklerin, devaml\u0131 a\u011fr\u0131yan dizlerin veya felcin \u00e7aresi ilgili dokular\u0131n rejenerasyonu ile olacakt\u0131r. Bu alanda yeni start-up firmalar\u0131n\u0131n kurulmas\u0131 ve en yeni ara\u015ft\u0131rmalar\u0131n melek yat\u0131r\u0131mc\u0131lar\u0131n da katk\u0131s\u0131yla ticarile\u015ftirilmek \u00fczere klinik ara\u015ft\u0131rmalar\u0131n\u0131n yap\u0131lmas\u0131 d\u00f6nemi ba\u015flam\u0131\u015ft\u0131r.<\/p>\n<h4>Biyoteknolojik \u0130la\u00e7lar:<\/h4>\n<p>Bir ilac\u0131n geli\u015ftirilmesi, ruhsatland\u0131r\u0131lmas\u0131 ve ticari olarak sat\u0131lmaya ba\u015flamas\u0131 hem 10-15 y\u0131l almakta hem de milyonlarca dolarl\u0131k yat\u0131r\u0131m ve AR-GE gerektirmektedir. Yeni yaz\u0131l\u0131mlar\u0131n geli\u015ftirilmesi ve sistem biyolojisinin daha \u00e7ok ara\u015ft\u0131rmac\u0131 taraf\u0131ndan \u00e7al\u0131\u015f\u0131lmas\u0131 ile birlikte yeni k\u00fc\u00e7\u00fck molek\u00fcl ila\u00e7lar\u0131n ak\u0131lc\u0131 tasar\u0131m y\u00f6ntemleri ile geli\u015ftirilmesi kolayla\u015fm\u0131\u015ft\u0131r. Ancak bu ila\u00e7lar\u0131n geli\u015ftirilmesinin \u00e7ok zor oldu\u011fu pek \u00e7ok hastal\u0131k i\u00e7in alternatif olarak geli\u015ftirilen antikorlar gibi biyoteknolojik ila\u00e7lar \u00e7ok daha h\u0131zl\u0131 geli\u015ftirilebilmektedir. \u00d6zellikle kanser ve oto-imm\u00fcn hastal\u0131klar gibi hastal\u0131klar\u0131n tedavisi i\u00e7in antikor ila\u00e7lar \u00e7ok ilgi \u00e7ekmekte ve olduk\u00e7a y\u00fcksek fiyatlara pazarlanmaktad\u0131r. Yak\u0131n gelecekte antikor tarz\u0131, \u00f6zellikle de rekombinant antikor ila\u00e7lar\u0131n say\u0131s\u0131 gittik\u00e7e artacak, ayr\u0131ca bunlar\u0131n yan\u0131nda RNA temelli ila\u00e7 sistemleri kullan\u0131lmaya ba\u015flanacakt\u0131r. RNA ile ilgili bilgilerimiz g\u00fcn ge\u00e7tik\u00e7e artmakta RNA&#8217;n\u0131n terap\u00f6tik olarak kullan\u0131labilmesi i\u00e7in gerekli modifikasyonlar geli\u015ftirilmektedir. Nanoteknoloji sayesinde hem protein hem de RNA bazl\u0131 ila\u00e7lar\u0131n daha kolay uygulanabilmesi, v\u00fccuttaki yar\u0131 \u00f6mr\u00fcn\u00fcn artt\u0131r\u0131lmas\u0131 ve hedefli sal\u0131m yap\u0131labilmesi de biyoteknolojik ila\u00e7lar\u0131n gelecekteki kullan\u0131m\u0131n\u0131 kolayla\u015ft\u0131racakt\u0131r.<\/p>\n<h4>Ki\u015fiselle\u015ftirilmi\u015f T\u0131p:<\/h4>\n<p>DNA dizileme tekniklerindeki geli\u015fmeler sayesinde art\u0131k insan genomu bir haftadan daha k\u0131sa bir s\u00fcrede dizilenebilip analiz edilebilmektedir. Genomla ilgili bilgilerimiz artt\u0131k\u00e7a hastanelerden toplanan bilgilerin genom verileri ile birle\u015ftirilmesi sayesinde hangi ilac\u0131n hangi hastaya daha iyi gelebilece\u011fi veya hangi mutasyonlar\u0131n hangi hastal\u0131klara yakalanma riskini artt\u0131raca\u011f\u0131n\u0131 bulmak kolayla\u015fm\u0131\u015ft\u0131r. Bundan sonraki s\u00fcre\u00e7te bu bilgilerin daha geni\u015f \u00e7apta ve detayl\u0131 olarak toplanmas\u0131 ve \u00e7ok daha fazla insan\u0131n DNA&#8217;s\u0131n\u0131n dizilenerek genom verileriyle kar\u015f\u0131la\u015ft\u0131r\u0131lmas\u0131 sayesinde herkesin kendi genomuna \u00f6zg\u00fc ila\u00e7lar belirlenebilecek ve olas\u0131 hastal\u0131klara kar\u015f\u0131 \u00f6nlem al\u0131nabilecektir.<\/p>\n<h4>Yeni Nesil A\u015f\u0131lar:<\/h4>\n<p>A\u015f\u0131lar ilk icat olduklar\u0131 d\u00f6nemden beri koruyucu t\u0131bb\u0131n \u00f6nemli gere\u00e7leri olmu\u015flard\u0131r. Ancak globalle\u015fen d\u00fcnyada ula\u015f\u0131m a\u011f\u0131n\u0131n geli\u015fmesi ile hastal\u0131klar\u0131n \u00fclkeler hatta k\u0131talar aras\u0131nda yay\u0131lmas\u0131 da \u00e7ok daha kolayla\u015fm\u0131\u015ft\u0131r. Bu sebeple d\u00fcnya \u00fczerinden silindi\u011fi d\u00fc\u015f\u00fcn\u00fclen baz\u0131 hastal\u0131klar tekrar g\u00f6r\u00fclmeye ba\u015flam\u0131\u015f ve enfeksiyon bazl\u0131 hastal\u0131klar h\u0131zla yay\u0131l\u0131r olmu\u015ftur. Son 10 y\u0131l i\u00e7erisinde Zika vir\u00fcs\u00fc, domuz gribi (H1N1), ku\u015f gribi ve Ebola gibi hastal\u0131klar\u0131n h\u0131zla yay\u0131lmas\u0131 ve tedavilerinde ya\u015fanan zorluklar bu t\u00fcr hastal\u0131klara kar\u015f\u0131 h\u0131zl\u0131 a\u015f\u0131 geli\u015ftirmenin \u00f6nemini bir kez daha hat\u0131rlatm\u0131\u015ft\u0131r. Bu ama\u00e7la mikroorganizma ve vir\u00fcslerin inaktif hallerinin klasik adjuvanlarla birlikte kullan\u0131ld\u0131\u011f\u0131 ve \u00fcretimi zaman alan klasik a\u015f\u0131 sistemlerinin yan\u0131nda veya onlar\u0131n yerine rekombinant proteinlerin kullan\u0131ld\u0131\u011f\u0131 ve yeni nesil adjuvanlarla g\u00fc\u00e7lendirilmi\u015f a\u015f\u0131lar\u0131n \u00fcretilmesi gerekmektedir. Bu ama\u00e7la ara\u015ft\u0131rmac\u0131lar halen yo\u011fun \u015fekilde ara\u015ft\u0131rmalar\u0131na devam etmektedir ve yak\u0131n gelecekte bu t\u00fcr a\u015f\u0131lar\u0131n daha da yayg\u0131nla\u015faca\u011f\u0131 d\u00fc\u015f\u00fcn\u00fclmektedir.<\/p>\n<h4>Gen Terapisi:<\/h4>\n<p>Genom dizileme y\u00f6ntemlerindeki geli\u015fmeler kal\u0131tsal hastal\u0131klar\u0131n sebeplerini anlamam\u0131zda \u00e7ok faydal\u0131 olmaktad\u0131r. \u00d6zellikle tek gen hastal\u0131klar\u0131n\u0131n sebeplerinin bilinmesi bu hastal\u0131klar\u0131n tedavisi i\u00e7in gen terapisi y\u00f6ntemi kullan\u0131lmas\u0131n\u0131 da olanakl\u0131 k\u0131lmaktad\u0131r. Gen terapisi y\u00f6nteminde mutasyona u\u011fram\u0131\u015f olan genin sa\u011fl\u0131kl\u0131 genle de\u011fi\u015ftirilmesi i\u00e7in sa\u011fl\u0131kl\u0131 geni ta\u015f\u0131yan ta\u015f\u0131y\u0131c\u0131 sistemler v\u00fccuda verilmekte ve sa\u011fl\u0131kl\u0131 genin mutasyona u\u011fram\u0131\u015f olan genle yer de\u011fi\u015ftirmesi sa\u011flanmakta veya mutant gen inaktive edilmekte veya yeni bir gen eklenerek hastal\u0131k tedavi edilmeye \u00e7al\u0131\u015f\u0131lmaktad\u0131r. \u0130lk bulundu\u011fu y\u0131llarda gen terapisi y\u00f6ntemi uygulanan hastalardan birka\u00e7\u0131nda \u00f6l\u00fcm vakalar\u0131 g\u00f6r\u00fclmesi \u00fczerine ABD&#8217;deki klinik ara\u015ft\u0131rmalar 90&#8217;l\u0131 y\u0131llarda durdurulmu\u015f daha sonra gen terapisi tekniklerinin geli\u015ftirilmesi ile tekrar izin verilmi\u015ftir. \u00c7in&#8217;de gen terapisi y\u00f6ntemi ruhsatland\u0131r\u0131lm\u0131\u015f olmakla birlikte geli\u015fmi\u015f \u00fclkelerde de yak\u0131n gelecekte ruhsatland\u0131r\u0131laca\u011f\u0131 d\u00fc\u015f\u00fcn\u00fclmektedir.<\/p>\n\n        <\/div>\n    <\/div>\n<\/section>\n\n<section class=\"av_tab_section\"  itemscope=\"itemscope\" itemtype=\"https:\/\/schema.org\/CreativeWork\" >    <div data-fake-id=\"#tab-id-2\" class=\"tab \"  itemprop=\"headline\" >\u00dclkemizde Medikal Biyoteknolojinin Gelece\u011fi<\/div>\n    <div id=\"tab-id-2-container\" class=\"tab_content \">\n        <div class=\"tab_inner_content invers-color\"  itemprop=\"text\" >\n<h2>Medikal Biyoteknoloji Yol Haritas\u0131<\/h2>\n<p>T\u00fcrkiye&#8217;de medikal biyoteknolojinin tarih\u00e7esi k\u0131sm\u0131nda da bahsetti\u011fimiz \u00fczere 2000&#8217;li y\u0131llar\u0131n ba\u015f\u0131ndan beri \u00fclkemizde bu alanda olduk\u00e7a \u00f6nemli ad\u0131mlar at\u0131lm\u0131\u015f olmakla birlikte \u00fclkemiz hen\u00fcz \u00e7a\u011f\u0131 yakalayabilmi\u015f de\u011fildir. Gerek akademisyenler ve kamu kurumlar\u0131nda \u00e7al\u0131\u015fan uzmanlar gerekse sanayici \u00f6rg\u00fctleri biyoteknoloji alan\u0131nda yap\u0131lmas\u0131 gerekenleri g\u00f6steren \u00e7e\u015fitli raporlar haz\u0131rlay\u0131p bunlar\u0131 muhtelif zamanlarda kamuoyu ile payla\u015fm\u0131\u015flard\u0131r. Ancak her ge\u00e7en y\u0131l d\u00fcnyada bu alanda hayallerimizin \u00f6tesinde geli\u015fmeler ya\u015fand\u0131\u011f\u0131 i\u00e7in bu raporlar\u0131n da s\u0131kl\u0131kla g\u00fcncellenmesi gerekmektedir.<\/p>\n<p>Bu alanda T\u00dcB\u0130TAK&#8217;\u0131n, Kalk\u0131nma Bakanl\u0131\u011f\u0131&#8217;n\u0131n, Bilim, Sanayi ve Teknoloji Bakanl\u0131\u011f\u0131&#8217;n\u0131n, Sa\u011fl\u0131k Bakanl\u0131\u011f\u0131&#8217;n\u0131n ve T\u00fcrkiye \u0130la\u00e7 ve T\u0131bbi Cihaz Kurumu&#8217;nun yay\u0131nlar\u0131 bulunmaktad\u0131r. Bu yay\u0131nlarda k\u0131saca 2023 hedeflerimiz do\u011frultusunda Medikal Biyoteknoloji alan\u0131nda \u00f6nceliklendirilmesi hedeflenen ara\u015ft\u0131rma konular\u0131 belirlenmi\u015ftir. Bununla birlikte 2023&#8217;e kadar olan d\u00f6nemde hem sinai olarak hem de Ar-Ge merkezleri olarak ara\u015ft\u0131rma ve \u00fcr\u00fcn hedefleri konulmu\u015ftur. Kurumlar\u0131m\u0131z taraf\u0131ndan olu\u015fturulmu\u015f yol haritalar\u0131ndan bir k\u0131sm\u0131 \u015funlard\u0131r:<\/p>\n<p><a href=\"http:\/\/www.kalkinma.gov.tr\/Lists\/Kalknma%20Planlar\/Attachments\/12\/Onuncu_Kalk%C4%B1nma_Plan%C4%B1.pdf\">Kalk\u0131nma Bakanl\u0131\u011f\u0131 10. Kalk\u0131nma Plan\u0131 (2014-2018)<\/a><\/p>\n<p><a href=\"https:\/\/www.tubitak.gov.tr\/tubitak_content_files\/vizyon2023\/Vizyon2023_Strateji_Belgesi.pdf\">T\u00dcB\u0130TAK Ulusal Bilim ve Teknoloji Politikalar\u0131, 2003-2023 Strateji Belgesi<\/a><\/p>\n<p><a href=\"http:\/\/www.sp.gov.tr\/tr\/temel-belge\/s\/123\/Turkiye+Biyoteknoloji+Stratejisi+ve+Eylem+Plani+_2015-2018\">Bilim, Sanayi ve Teknoloji Bakanl\u0131\u011f\u0131,\u00a0T\u00fcrkiye Biyoteknoloji Stratejisi ve Eylem Plan\u0131 (2015-2018)<\/a><\/p>\n<p><a href=\"https:\/\/www.titck.gov.tr\/Dosyalar\/Ilac\/SaglikEndustrileriKoordinasyon\/EK-1%20T%C3%BCrkiye%20%C4%B0la%C3%A7%20Sekt%C3%B6r%C3%BC.pdf\">Bilim, Sanayi ve Teknoloji Bakanl\u0131\u011f\u0131,\u00a0T\u00fcrkiye \u0130la\u00e7 Sekt\u00f6r\u00fc Strateji Belgesi ve Eylem Plan\u0131 (2015-2018)<\/a><\/p>\n<p><a href=\"https:\/\/www.titck.gov.tr\/Dosyalar\/Kurumsal\/titck-2018-2022-stratejik-plan.pdf\">T\u00fcrkiye \u0130la\u00e7 ve T\u0131bbi Cihaz Kurumu, 2018-2022 Stratejik Plan\u0131<\/a><\/p>\n<p>MEBID olarak akademisyenlerden ve sanayicilerden olu\u015fturdu\u011fumuz bir kurul ile \u00fclkemizde medikal biyoteknoloji alan\u0131nda \u00e7a\u011f\u0131 yakalay\u0131p bu alandaki \u00f6nc\u00fc \u00fclkelerden olabilmemiz i\u00e7in yapmam\u0131z gerekti\u011fini d\u00fc\u015f\u00fcnd\u00fc\u011f\u00fcm\u00fcz ek ad\u0131mlar\u0131 da a\u015fa\u011f\u0131da k\u0131saca \u00f6zetlemeye \u00e7al\u0131\u015ft\u0131k:<\/p>\n<h3>&#8220;BiyoPark&#8221;lar<\/h3>\n<p>\u00dclkemizde muhtelif \u00fcniversitelerin arazilerinde ve se\u00e7ilmi\u015f birka\u00e7 sanayi b\u00f6lgesinde kurulmu\u015f olan teknoparklar d\u00fc\u015f\u00fck vergilendirme sistemi ile Ar-Ge yapan \u015firketlerin topland\u0131\u011f\u0131 ve start-up \u015firketlerin hayat buldu\u011fu kulu\u00e7ka merkezleri durumuna gelmi\u015ftir. Ancak bu teknoparklar\u0131n b\u00fcy\u00fck bir k\u0131sm\u0131 \u00e7o\u011funlukla yaz\u0131l\u0131m firmalar\u0131na ev sahipli\u011fi yapmaktad\u0131r ve aynen T\u00dcB\u0130TAK-TEYDEB proje da\u011f\u0131l\u0131m\u0131nda oldu\u011fu gibi bu teknoparklarda da medikal biyoteknoloji \u015firketleri \u00e7ok az miktarda bulunmaktad\u0131r. Medikal biyoteknoloji alan\u0131nda k\u00fcmele\u015fmeyi te\u015fvik etmek ve bu alanda faaliyet g\u00f6steren \u015firketleri Ar-Ge yapmaya te\u015fvik etmek amac\u0131yla \u00f6zellikle b\u00fcy\u00fck kentlerimizden ba\u015flayarak kurulmas\u0131n\u0131 \u00f6nerdi\u011fimiz BiyoPark&#8217;lar:<\/p>\n<ul>\n<li>Medikal biyoteknoloji alan\u0131nda \u00fcretim, yaz\u0131l\u0131m, Ar-Ge, analiz ve tan\u0131 servisleri yapan k\u00fc\u00e7\u00fck, orta ve b\u00fcy\u00fck \u00f6l\u00e7ekli firmalar ile kamu destekli ara\u015ft\u0131rma merkezlerini fiziksel olarak ayn\u0131 b\u00f6lge i\u00e7erisine toplayacak<\/li>\n<li>Kamu destekli Ar-Ge merkezlerinde alan\u0131nda uzman ve bu alanda en iyi \u00fcniversitelerden e\u011fitim alm\u0131\u015f ara\u015ft\u0131rmac\u0131lar ve bu ara\u015ft\u0131rmac\u0131lar\u0131n dan\u0131\u015fmanl\u0131k yapt\u0131klar\u0131 lisans\u00fcst\u00fc \u00f6\u011frenci ve ara\u015ft\u0131rmac\u0131lar\u0131n kendi ara\u015ft\u0131rmalar\u0131n\u0131 s\u00fcrd\u00fcr\u00fcrken bir yandan da yan\u0131 ba\u015flar\u0131ndaki \u015firketlerin sorunlar\u0131na \u00e7\u00f6z\u00fcm aramalar\u0131 ve bu \u015firketlere yeni \u00fcr\u00fcnler geli\u015ftirme konusunda dan\u0131\u015fmanl\u0131k yapmalar\u0131 sa\u011flanacak<\/li>\n<li>Kamu destekli Ar-Ge merkezlerinde medikal biyoteknoloji alan\u0131ndaki \u00f6nemli servis hizmetlerini vermek \u00fczere uzman teknisyenlerin g\u00f6rev yapt\u0131\u011f\u0131 ortak laboratuvarlarda start-up&#8217;lar ve k\u00fc\u00e7\u00fck, orta ve b\u00fcy\u00fck \u00f6l\u00e7ekli \u015firketlere ara\u015ft\u0131rma laboratuvar\u0131 kiralama ve kullanma olana\u011f\u0131 sunulacak<\/li>\n<li>Kurulacak sat\u0131n alma destek birimleri sayesinde medikal biyoteknoloji alan\u0131nda Ar-Ge ihtiya\u00e7lar\u0131 i\u00e7in \u00f6nemli bir sorun te\u015fkil eden vergilendirme ve g\u00fcmr\u00fck bedelleri nedeni ile a\u015f\u0131r\u0131 pahal\u0131 ve uzun s\u00fcrede tedarik edilebilen sarf malzemeleri devletin sa\u011flad\u0131\u011f\u0131 uygun vergi muafiyetlerini kullanarak ara\u015ft\u0131rmac\u0131lar taraf\u0131ndan daha ucuza tedarik edilebilecek<\/li>\n<li>Biyopark&#8217;lar\u0131n \u015fehir hastanelerine yak\u0131n b\u00f6lgelere kurulmas\u0131 ile klinisyenlerimiz hem ara\u015ft\u0131rma laboratuvarlar\u0131n\u0131 kullanabilme imkan\u0131 kazanacak hem de tam zamanl\u0131 ara\u015ft\u0131rma yapan ara\u015ft\u0131rmac\u0131larla bilgi al\u0131\u015fveri\u015finde bulunarak hasta odakl\u0131 ara\u015ft\u0131rmalar\u0131 do\u011fru y\u00f6nlendirebilecek ve hastalar\u0131na sunduklar\u0131 hizmetlerde en son teknoloji \u00fcr\u00fcnlerini kullanabilecek<\/li>\n<li>D\u00fczenli olarak organize edilecek ulusal ve uluslararas\u0131 konferanslar sayesinde hem akademisyenler ve \u015firketler aras\u0131nda bilgi al\u0131\u015fveri\u015fi desteklenecek hem de uluslararas\u0131 arenada tan\u0131n\u0131rl\u0131k sa\u011flanacakt\u0131r.<\/li>\n<\/ul>\n\n        <\/div>\n    <\/div>\n<\/section>\n\n<\/div>\n\n","protected":false},"excerpt":{"rendered":"","protected":false},"author":1,"featured_media":0,"parent":0,"menu_order":0,"comment_status":"closed","ping_status":"closed","template":"","meta":[],"_links":{"self":[{"href":"https:\/\/www.mebid.org\/tr\/wp-json\/wp\/v2\/pages\/324\/"}],"collection":[{"href":"https:\/\/www.mebid.org\/tr\/wp-json\/wp\/v2\/pages\/"}],"about":[{"href":"https:\/\/www.mebid.org\/tr\/wp-json\/wp\/v2\/types\/page\/"}],"author":[{"embeddable":true,"href":"https:\/\/www.mebid.org\/tr\/wp-json\/wp\/v2\/users\/1\/"}],"replies":[{"embeddable":true,"href":"https:\/\/www.mebid.org\/tr\/wp-json\/wp\/v2\/comments\/?post=324"}],"version-history":[{"count":14,"href":"https:\/\/www.mebid.org\/tr\/wp-json\/wp\/v2\/pages\/324\/revisions\/"}],"predecessor-version":[{"id":512,"href":"https:\/\/www.mebid.org\/tr\/wp-json\/wp\/v2\/pages\/324\/revisions\/512\/"}],"wp:attachment":[{"href":"https:\/\/www.mebid.org\/tr\/wp-json\/wp\/v2\/media\/?parent=324"}],"curies":[{"name":"wp","href":"https:\/\/api.w.org\/{rel}","templated":true}]}}