{"id":26,"date":"2018-05-14T15:28:05","date_gmt":"2018-05-14T12:28:05","guid":{"rendered":"http:\/\/www.mebid.org\/?page_id=26"},"modified":"2018-06-30T12:18:42","modified_gmt":"2018-06-30T09:18:42","slug":"etkinlikler","status":"publish","type":"page","link":"https:\/\/www.mebid.org\/tr\/etkinlikler\/","title":{"rendered":"Etkinlikler"},"content":{"rendered":"<div class=\"flex_column av_two_third  flex_column_div av-zero-column-padding first  \" style='border-radius:0px; '><section class=\"av_textblock_section \"  itemscope=\"itemscope\" itemtype=\"https:\/\/schema.org\/CreativeWork\" ><div class='avia_textblock  '   itemprop=\"text\" ><p>Medikal Biyoteknoloji Derne\u011fi olarak\u00a0hem ulusal kongre ve toplant\u0131lara destek oluyoruz hem de MEBID \u00f6d\u00fclleri kapsam\u0131nda her ya\u015f ve sekt\u00f6rden ara\u015ft\u0131rmac\u0131lar\u0131m\u0131za medikal biyoteknoloji alan\u0131nda yapmak istedikleri projelerin ticarile\u015ftirilmesi konusunda destek oluyoruz.<\/p>\n<\/div><\/section><\/div>\n<div class=\"flex_column av_one_third  flex_column_div av-zero-column-padding   \" style='border-radius:0px; '><div class='avia-image-container  av-styling-    avia-align-center '  itemprop=\"ImageObject\" itemscope=\"itemscope\" itemtype=\"https:\/\/schema.org\/ImageObject\"  ><div class='avia-image-container-inner'><img class='avia_image ' src='https:\/\/www.mebid.org\/wp-content\/uploads\/2018\/06\/meeting-83519_1920-300x200.jpg' alt='' title='meeting-83519_1920'   itemprop=\"thumbnailUrl\"  \/><\/div><\/div><\/div>\n","protected":false},"excerpt":{"rendered":"","protected":false},"author":1,"featured_media":0,"parent":0,"menu_order":0,"comment_status":"closed","ping_status":"closed","template":"","meta":[],"_links":{"self":[{"href":"https:\/\/www.mebid.org\/tr\/wp-json\/wp\/v2\/pages\/26\/"}],"collection":[{"href":"https:\/\/www.mebid.org\/tr\/wp-json\/wp\/v2\/pages\/"}],"about":[{"href":"https:\/\/www.mebid.org\/tr\/wp-json\/wp\/v2\/types\/page\/"}],"author":[{"embeddable":true,"href":"https:\/\/www.mebid.org\/tr\/wp-json\/wp\/v2\/users\/1\/"}],"replies":[{"embeddable":true,"href":"https:\/\/www.mebid.org\/tr\/wp-json\/wp\/v2\/comments\/?post=26"}],"version-history":[{"count":8,"href":"https:\/\/www.mebid.org\/tr\/wp-json\/wp\/v2\/pages\/26\/revisions\/"}],"predecessor-version":[{"id":384,"href":"https:\/\/www.mebid.org\/tr\/wp-json\/wp\/v2\/pages\/26\/revisions\/384\/"}],"wp:attachment":[{"href":"https:\/\/www.mebid.org\/tr\/wp-json\/wp\/v2\/media\/?parent=26"}],"curies":[{"name":"wp","href":"https:\/\/api.w.org\/{rel}","templated":true}]}}