{"id":218,"date":"2018-06-27T13:49:09","date_gmt":"2018-06-27T10:49:09","guid":{"rendered":"http:\/\/www.mebid.org\/?page_id=218"},"modified":"2018-07-03T15:39:55","modified_gmt":"2018-07-03T12:39:55","slug":"universite-sanayi-isbirligi","status":"publish","type":"page","link":"https:\/\/www.mebid.org\/tr\/universite-sanayi-isbirligi\/","title":{"rendered":"\u00dcniversite &#038; Sanayi \u0130\u015fbirli\u011fi"},"content":{"rendered":"<div class=\"flex_column av_two_third  flex_column_div av-zero-column-padding first  \" style='border-radius:0px; '><section class=\"av_textblock_section \"  itemscope=\"itemscope\" itemtype=\"https:\/\/schema.org\/CreativeWork\" ><div class='avia_textblock  '   itemprop=\"text\" ><h3>\u00dcniversite &amp; Sanayi \u0130\u015fbirli\u011fi<\/h3>\n<p>\u00dcniversiteler ve sanayi aras\u0131ndaki i\u015fbirli\u011fi, beceri geli\u015ftirme (e\u011fitim ve \u00f6\u011fretim), bilginin \u00fcretilmesi, edinimi ve benimsenmesi (inovasyon ve teknoloji transferi) ve giri\u015fimcili\u011fin te\u015fvik edilmesi (ba\u015flang\u0131\u00e7 \u200b\u200bve kapanmalar) a\u00e7\u0131s\u0131ndan kritik \u00f6neme sahiptir.<\/p>\n<p>\u00dcniversite-sanayi ba\u011flant\u0131lar\u0131n\u0131n yararlar\u0131 geni\u015f kapsaml\u0131d\u0131r:<\/p>\n<ul>\n<li>Ar-Ge konular\u0131n\u0131n\u0131n koordinasyonu yoluyla farkl\u0131 ara\u015ft\u0131rmac\u0131lar\u0131n ayn\u0131 konuda birbirlerinden habersiz \u00e7al\u0131\u015fmalar\u0131 neticesi olu\u015facak enerji kayb\u0131n\u0131 \u00f6nlemek,<\/li>\n<li>Ar-Ge yat\u0131r\u0131mlar\u0131 i\u00e7in sanayiden gelecek \u00f6zel te\u015fvik imkanlar\u0131n\u0131 artt\u0131rmak<\/li>\n<li>ve sanayideki ve \u00fcniversitedeki bilimsel ve teknolojik yeteneklerin birbirlerini tamamlay\u0131c\u0131 unsurlar olarak kullan\u0131lmas\u0131n\u0131 te\u015fvik etmek bunlardan ba\u015fl\u0131calar\u0131d\u0131r.<\/li>\n<\/ul>\n<p>\u00dcniversite-sanayi i\u015fbirli\u011fi, ayn\u0131 zamanda kamu kurumlar\u0131nda y\u00fcr\u00fct\u00fclen ara\u015ft\u0131rmalar\u0131n da sanayiye olabilecek katk\u0131s\u0131n\u0131 art\u0131rabilir, kamu Ar-Ge sonu\u00e7lar\u0131n\u0131n ticarile\u015ftirilmesini te\u015fvik edebilir ve kamu ve \u00f6zel sekt\u00f6rler aras\u0131nda i\u015fg\u00fcc\u00fcn\u00fcn hareketlili\u011fini art\u0131rabilir.<\/p>\n<\/div><\/section><\/div>\n<div class=\"flex_column av_one_third  flex_column_div av-zero-column-padding   \" style='border-radius:0px; '><p><div class='avia-image-container  av-styling-    avia-align-center '  itemprop=\"ImageObject\" itemscope=\"itemscope\" itemtype=\"https:\/\/schema.org\/ImageObject\"  ><div class='avia-image-container-inner'><img class='avia_image ' src='https:\/\/www.mebid.org\/wp-content\/uploads\/2018\/06\/university-105709_1920-300x225.jpg' alt='' title='university-105709_1920'   itemprop=\"thumbnailUrl\"  \/><\/div><\/div><br \/>\n<div class='avia-image-container  av-styling-    avia-align-center '  itemprop=\"ImageObject\" itemscope=\"itemscope\" itemtype=\"https:\/\/schema.org\/ImageObject\"  ><div class='avia-image-container-inner'><img class='avia_image ' src='https:\/\/www.mebid.org\/wp-content\/uploads\/2018\/06\/pete-wright-105201-unsplash-300x169.jpg' alt='' title='pete-wright-105201-unsplash'   itemprop=\"thumbnailUrl\"  \/><\/div><\/div><\/p><\/div>\n<div class=\"flex_column av_one_fourth  flex_column_div av-zero-column-padding first  \" style='border-radius:0px; '><div class='avia-button-wrap avia-button-center '><a href='https:\/\/www.mebid.org\/tr\/universite-sanayi-isbirligi-tesvik-programlari\/' class='avia-button   avia-icon_select-no avia-color-custom avia-size-medium avia-position-center '  style='background-color:#c1d72e; border-color:#c1d72e; color:#506069; ' ><span class='avia_iconbox_title' >\u00dcniversite &amp; Sanayi \u0130\u015fbirli\u011fi Te\u015fvik Programlar\u0131<\/span><\/a><\/div><\/div><div class=\"flex_column av_one_fifth  flex_column_div av-zero-column-padding   \" style='border-radius:0px; '><div class='avia-button-wrap avia-button-center '><a href='https:\/\/www.mebid.org\/tr\/melek-yatirimcilik-girisim-sermayeciligi\/' class='avia-button   avia-icon_select-no avia-color-custom avia-size-medium avia-position-center '  style='background-color:#c1d72e; border-color:#c1d72e; color:#506069; ' ><span class='avia_iconbox_title' >Melek Yat\u0131r\u0131mc\u0131l\u0131k &amp; Giri\u015fim Sermayecili\u011fi<\/span><\/a><\/div><\/div><div class=\"flex_column av_one_fifth  flex_column_div av-zero-column-padding   \" style='border-radius:0px; '><div class='avia-button-wrap avia-button-center '><a href='https:\/\/www.mebid.org\/tr\/universite-sanayi-isbirligi-duzeyleri\/' class='avia-button   avia-icon_select-no avia-color-custom avia-size-medium avia-position-center '  style='background-color:#c1d72e; border-color:#c1d72e; color:#506069; ' ><span class='avia_iconbox_title' >\u00dcniversite &amp; Sanayi \u0130\u015fbirli\u011fi D\u00fczeyleri<\/span><\/a><\/div><\/div><\/p>\n","protected":false},"excerpt":{"rendered":"","protected":false},"author":1,"featured_media":0,"parent":0,"menu_order":0,"comment_status":"closed","ping_status":"closed","template":"","meta":[],"_links":{"self":[{"href":"https:\/\/www.mebid.org\/tr\/wp-json\/wp\/v2\/pages\/218\/"}],"collection":[{"href":"https:\/\/www.mebid.org\/tr\/wp-json\/wp\/v2\/pages\/"}],"about":[{"href":"https:\/\/www.mebid.org\/tr\/wp-json\/wp\/v2\/types\/page\/"}],"author":[{"embeddable":true,"href":"https:\/\/www.mebid.org\/tr\/wp-json\/wp\/v2\/users\/1\/"}],"replies":[{"embeddable":true,"href":"https:\/\/www.mebid.org\/tr\/wp-json\/wp\/v2\/comments\/?post=218"}],"version-history":[{"count":21,"href":"https:\/\/www.mebid.org\/tr\/wp-json\/wp\/v2\/pages\/218\/revisions\/"}],"predecessor-version":[{"id":492,"href":"https:\/\/www.mebid.org\/tr\/wp-json\/wp\/v2\/pages\/218\/revisions\/492\/"}],"wp:attachment":[{"href":"https:\/\/www.mebid.org\/tr\/wp-json\/wp\/v2\/media\/?parent=218"}],"curies":[{"name":"wp","href":"https:\/\/api.w.org\/{rel}","templated":true}]}}