{"id":210,"date":"2018-06-25T14:07:38","date_gmt":"2018-06-25T11:07:38","guid":{"rendered":"http:\/\/www.mebid.org\/?page_id=210"},"modified":"2018-07-03T15:49:29","modified_gmt":"2018-07-03T12:49:29","slug":"medikal-biyoteknoloji","status":"publish","type":"page","link":"https:\/\/www.mebid.org\/tr\/medikal-biyoteknoloji\/","title":{"rendered":"Medikal Biyoteknoloji"},"content":{"rendered":"<div class=\"flex_column av_three_fourth  flex_column_div av-zero-column-padding first  \" style='border-radius:0px; '><section class=\"av_textblock_section \"  itemscope=\"itemscope\" itemtype=\"https:\/\/schema.org\/CreativeWork\" ><div class='avia_textblock  '   itemprop=\"text\" ><p id=\"tw-target-text\" class=\"tw-data-text tw-ta tw-text-small\" dir=\"ltr\" data-placeholder=\"Translation\"><span lang=\"tr\">Medikal biyoteknoloji, biyoteknolojinin insan hayat\u0131na do\u011frudan etkisi olan uygulamalar\u0131n\u0131n hepsini kapsar. Disiplinleraras\u0131 olan bu ara\u015ft\u0131rma alan\u0131nda sa\u011fl\u0131k alan\u0131nda kullan\u0131lan cihazlardan insan genom dizilemesi sonu\u00e7lar\u0131n\u0131n ki\u015fiselle\u015ftirilmi\u015f t\u0131bbi uygulamalarda kullan\u0131lmas\u0131na kadar pek \u00e7ok farkl\u0131 konu bulunmaktad\u0131r. <\/span><\/p>\n<p class=\"tw-data-text tw-ta tw-text-small\" dir=\"ltr\" data-placeholder=\"Translation\"><span lang=\"tr\">Medikal biyoteknoloji hem sa\u011fl\u0131k hem de hastal\u0131kla ba\u011flant\u0131l\u0131d\u0131r. Son 20 y\u0131lda ya\u015fanan molek\u00fcler biyoloji, sentetik biyoloji, elektronik ve nanoteknolojideki geli\u015fmeler medikal biyoteknoloji alan\u0131nda \u00e7\u0131\u011f\u0131r a\u00e7m\u0131\u015ft\u0131r. Bu \u00e7al\u0131\u015fmalar sayesinde hastal\u0131klar\u0131n nedenlerine yeni bak\u0131\u015f a\u00e7\u0131lar\u0131 getirilmi\u015f ve bu yeni anlay\u0131\u015f d\u00fczeyi, yeni terapilerin, ila\u00e7lar\u0131n, te\u015fhis ara\u00e7lar\u0131n\u0131n ve ara\u015ft\u0131rma\/klinik ara\u00e7lar\u0131n\u0131n geli\u015ftirilmesi i\u00e7in f\u0131rsatlar yaratm\u0131\u015ft\u0131r. Yine bu sebeple medikal biyoteknoloji\u00a0<\/span><span lang=\"tr\">t\u0131bbi ara\u015ft\u0131rma alan\u0131nda en h\u0131zl\u0131 b\u00fcy\u00fcyen istihdam olanaklar\u0131n\u0131 sunmaktad\u0131r.\u00a0\u00a0<\/span>Bundan 10 y\u0131l \u00f6nce sadece d\u00fcnyan\u0131n en geli\u015fmi\u015f \u00fclkelerinin cirit att\u0131\u011f\u0131 medikal biyoteknoloji yar\u0131\u015f\u0131nda art\u0131k \u00c7in ve Kore gibi \u00fclkeler de en \u00f6n saflarda yerini almaya ba\u015flam\u0131\u015ft\u0131r. Bu ba\u015fl\u0131k alt\u0131nda hem d\u00fcnyada medikal biyoteknolojinin ilerledi\u011fi yol haritas\u0131 hakk\u0131nda bilgi verilecek hem de \u00fclkemizde bu konuda at\u0131lmas\u0131 gereken ad\u0131mlar de\u011ferlendirilecektir.<\/p>\n<\/div><\/section><\/div>\n<div class=\"flex_column av_one_fourth  flex_column_div av-zero-column-padding   \" style='border-radius:0px; '><div class='avia-image-container  av-styling-    avia-align-center '  itemprop=\"ImageObject\" itemscope=\"itemscope\" itemtype=\"https:\/\/schema.org\/ImageObject\"  ><div class='avia-image-container-inner'><img class='avia_image ' src='https:\/\/www.mebid.org\/wp-content\/uploads\/2018\/06\/microbiologist-1332376_1920-2-300x202.jpg' alt='' title='microbiologist-1332376_1920'   itemprop=\"thumbnailUrl\"  \/><\/div><\/div><\/div>\n<div class=\"flex_column av_one_fifth  flex_column_div av-zero-column-padding first  \" style='border-radius:0px; '><div class='avia-button-wrap avia-button-center '><a href='https:\/\/www.mebid.org\/tr\/dunyada-medikal-biyoteknoloji\/' class='avia-button   avia-icon_select-no avia-color-custom avia-size-large avia-position-center '  style='background-color:#c1d72e; border-color:#c1d72e; color:#506069; ' ><span class='avia_iconbox_title' >D\u00fcnyada Medikal Biyoteknoloji<\/span><\/a><\/div><\/div>\n<div class=\"flex_column av_one_fourth  flex_column_div av-zero-column-padding   \" style='border-radius:0px; '><div class='avia-button-wrap avia-button-center '><a href='https:\/\/www.mebid.org\/tr\/ulkemizde-medikal-biyoteknoloji\/' class='avia-button   avia-icon_select-no avia-color-custom avia-size-large avia-position-center '  style='background-color:#c1d72e; border-color:#c1d72e; color:#506069; ' ><span class='avia_iconbox_title' >\u00dclkemizde Medikal Biyoteknolojinin Tarih\u00e7esi<\/span><\/a><\/div><\/div>\n<div class=\"flex_column av_one_fourth  flex_column_div av-zero-column-padding   \" style='border-radius:0px; '><div class='avia-button-wrap avia-button-center '><a href='https:\/\/www.mebid.org\/tr\/medikal-biyoteknolojinin-gelecegi\/' class='avia-button   avia-icon_select-no avia-color-custom avia-size-large avia-position-center '  style='background-color:#c1d72e; border-color:#c1d72e; color:#506069; ' ><span class='avia_iconbox_title' >Medikal Biyoteknolojinin Gelece\u011fi<\/span><\/a><\/div><\/div>\n","protected":false},"excerpt":{"rendered":"","protected":false},"author":1,"featured_media":0,"parent":0,"menu_order":0,"comment_status":"closed","ping_status":"closed","template":"","meta":[],"_links":{"self":[{"href":"https:\/\/www.mebid.org\/tr\/wp-json\/wp\/v2\/pages\/210\/"}],"collection":[{"href":"https:\/\/www.mebid.org\/tr\/wp-json\/wp\/v2\/pages\/"}],"about":[{"href":"https:\/\/www.mebid.org\/tr\/wp-json\/wp\/v2\/types\/page\/"}],"author":[{"embeddable":true,"href":"https:\/\/www.mebid.org\/tr\/wp-json\/wp\/v2\/users\/1\/"}],"replies":[{"embeddable":true,"href":"https:\/\/www.mebid.org\/tr\/wp-json\/wp\/v2\/comments\/?post=210"}],"version-history":[{"count":19,"href":"https:\/\/www.mebid.org\/tr\/wp-json\/wp\/v2\/pages\/210\/revisions\/"}],"predecessor-version":[{"id":497,"href":"https:\/\/www.mebid.org\/tr\/wp-json\/wp\/v2\/pages\/210\/revisions\/497\/"}],"wp:attachment":[{"href":"https:\/\/www.mebid.org\/tr\/wp-json\/wp\/v2\/media\/?parent=210"}],"curies":[{"name":"wp","href":"https:\/\/api.w.org\/{rel}","templated":true}]}}