{"id":770,"date":"2019-02-13T10:28:57","date_gmt":"2019-02-13T07:28:57","guid":{"rendered":"http:\/\/www.mebid.org\/management-committee\/"},"modified":"2019-03-20T16:16:42","modified_gmt":"2019-03-20T13:16:42","slug":"management-committee","status":"publish","type":"page","link":"https:\/\/www.mebid.org\/en\/management-committee\/","title":{"rendered":"Management Committee"},"content":{"rendered":"<p><strong>Board of Directors (Members)<\/strong><\/p>\n<p>Halit Eryi\u011fit (President)<\/p>\n<p>Dr. B\u00fc\u015fra Mammadov (Vice President)<\/p>\n<p>Dr. Hatice B\u00f6ke (Secretary)<\/p>\n<p>Dr. Kenan Kutluberk<\/p>\n<p>Akif \u00c7imen<\/p>\n<p><strong>Board of Directors (Substitute Members)<\/strong><\/p>\n<p>H\u00fcseyin Ayar, Engineer<\/p>\n<p>Melike G\u00f6z\u00fcbat\u0131k, Engineer<\/p>\n<p>Yasin Zeyrek<\/p>\n<p>Osman Gazi Yakar<\/p>\n<p>Tu\u011fba \u0130nce<\/p>\n<p><strong>Inspection Board (Members)<\/strong><\/p>\n<p>Onur Halilo\u011flu<\/p>\n<p>\u0130brahim \u00c7\u0131ld\u0131r<\/p>\n<p><strong>Inspection Board (Substitute)<\/strong><\/p>\n<p>Mahmut Karabulut<\/p>\n<p>Erhan Bekta\u015f<\/p>\n","protected":false},"excerpt":{"rendered":"<p>Board of Directors (Members) Halit Eryi\u011fit (President) Dr. B\u00fc\u015fra Mammadov (Vice President) Dr. Hatice B\u00f6ke (Secretary) Dr. Kenan Kutluberk Akif \u00c7imen Board of Directors (Substitute Members) H\u00fcseyin Ayar, Engineer Melike G\u00f6z\u00fcbat\u0131k, Engineer Yasin Zeyrek Osman Gazi Yakar Tu\u011fba \u0130nce Inspection Board (Members) Onur Halilo\u011flu \u0130brahim \u00c7\u0131ld\u0131r Inspection Board (Substitute) Mahmut Karabulut Erhan Bekta\u015f<\/p>\n","protected":false},"author":1,"featured_media":0,"parent":0,"menu_order":0,"comment_status":"closed","ping_status":"closed","template":"","meta":[],"_links":{"self":[{"href":"https:\/\/www.mebid.org\/en\/wp-json\/wp\/v2\/pages\/770\/"}],"collection":[{"href":"https:\/\/www.mebid.org\/en\/wp-json\/wp\/v2\/pages\/"}],"about":[{"href":"https:\/\/www.mebid.org\/en\/wp-json\/wp\/v2\/types\/page\/"}],"author":[{"embeddable":true,"href":"https:\/\/www.mebid.org\/en\/wp-json\/wp\/v2\/users\/1\/"}],"replies":[{"embeddable":true,"href":"https:\/\/www.mebid.org\/en\/wp-json\/wp\/v2\/comments\/?post=770"}],"version-history":[{"count":3,"href":"https:\/\/www.mebid.org\/en\/wp-json\/wp\/v2\/pages\/770\/revisions\/"}],"predecessor-version":[{"id":795,"href":"https:\/\/www.mebid.org\/en\/wp-json\/wp\/v2\/pages\/770\/revisions\/795\/"}],"wp:attachment":[{"href":"https:\/\/www.mebid.org\/en\/wp-json\/wp\/v2\/media\/?parent=770"}],"curies":[{"name":"wp","href":"https:\/\/api.w.org\/{rel}","templated":true}]}}