{"id":755,"date":"2019-02-13T10:05:28","date_gmt":"2019-02-13T07:05:28","guid":{"rendered":"http:\/\/www.mebid.org\/home\/"},"modified":"2019-04-16T14:24:32","modified_gmt":"2019-04-16T11:24:32","slug":"home","status":"publish","type":"page","link":"https:\/\/www.mebid.org\/en\/home\/","title":{"rendered":"Home"},"content":{"rendered":"<\/div><\/div><\/div><!-- close content main div --><\/div><\/div><div id='full_slider_1' class='avia-fullwidth-slider main_color avia-shadow   container_wrap sidebar_right'   ><div  data-size='no scaling'  data-lightbox_size='large'  data-animation='fade'  data-ids='180,501,503,504'  data-video_counter='0'  data-autoplay='true'  data-bg_slider='false'  data-slide_height=''  data-handle='av_slideshow_full'  data-interval='8'  data-class=' image_no_stretch'  data-css_id=''  data-scroll_down=''  data-control_layout='av-control-default'  data-custom_markup=''  data-perma_caption=''  data-autoplay_stopper=''  data-image_attachment=''  data-min_height='0px'  data-src=''  data-position='top left'  data-repeat='no-repeat'  data-attach='scroll'  data-stretch='image_no_stretch'  class='avia-slideshow avia-slideshow-1  av-control-default av-default-height-applied avia-slideshow-no scaling av_slideshow_full  image_no_stretch avia-fade-slider '  itemprop=\"ImageObject\" itemscope=\"itemscope\" itemtype=\"https:\/\/schema.org\/ImageObject\" ><ul class='avia-slideshow-inner' style='padding-bottom: 56.25%;'><li  class=' slide-1 ' ><a href='\/?page_id=210' data-rel='slideshow-1' class='avia-slide-wrap'  ><div class = \"caption_fullwidth av-slideshow-caption caption_center caption_center_framed caption_framed\"><div class = \"container caption_container\"><div class = \"slideshow_caption\"><div class = \"slideshow_inner_caption\"><div class = \"slideshow_align_caption\"><h2  class='avia-caption-title '  itemprop=\"name\" >What is Medical Biotechnology?<\/h2><\/div><\/div><\/div><\/div><\/div><img src='https:\/\/www.mebid.org\/wp-content\/uploads\/2018\/05\/microbiology-163470.jpg' width='1920' height='1080' title='microbiology-163470' alt=''  itemprop=\"thumbnailUrl\"   \/><\/a><\/li><li  class=' slide-2 ' ><a href='\/?page_id=324#tab-id-2' data-rel='slideshow-1' class='avia-slide-wrap'  ><div class = \"caption_fullwidth av-slideshow-caption caption_center caption_center_framed caption_framed\"><div class = \"container caption_container\"><div class = \"slideshow_caption\"><div class = \"slideshow_inner_caption\"><div class = \"slideshow_align_caption\"><h2  class='avia-caption-title '  itemprop=\"name\" >Roadmap of the Medical Biotechnology<\/h2><\/div><\/div><\/div><\/div><\/div><img src='https:\/\/www.mebid.org\/wp-content\/uploads\/2018\/07\/biyoteknoloji-yol-haritas\u0131-1920-1080.jpg' width='1920' height='1080' title='biyoteknoloji-yol-haritas\u0131-1920-1080' alt=''  itemprop=\"thumbnailUrl\"   \/><\/a><\/li><li  class=' slide-3 ' ><a href='\/?page_id=393' data-rel='slideshow-1' class='avia-slide-wrap'  ><div class = \"caption_fullwidth av-slideshow-caption caption_center caption_center_framed caption_framed\"><div class = \"container caption_container\"><div class = \"slideshow_caption\"><div class = \"slideshow_inner_caption\"><div class = \"slideshow_align_caption\"><h2  class='avia-caption-title '  itemprop=\"name\" >Venture Capital on Medical Biotechnology<\/h2><\/div><\/div><\/div><\/div><\/div><img src='https:\/\/www.mebid.org\/wp-content\/uploads\/2018\/07\/melek-yat\u0131r\u0131mc\u0131-1920-1080.jpg' width='1920' height='1080' title='melek-yat\u0131r\u0131mc\u0131-1920-1080' alt=''  itemprop=\"thumbnailUrl\"   \/><\/a><\/li><li  class=' slide-4 ' ><a href='\/?page_id=218' data-rel='slideshow-1' class='avia-slide-wrap'  ><div class = \"caption_fullwidth av-slideshow-caption caption_center caption_center_framed caption_framed\"><div class = \"container caption_container\"><div class = \"slideshow_caption\"><div class = \"slideshow_inner_caption\"><div class = \"slideshow_align_caption\"><h2  class='avia-caption-title '  itemprop=\"name\" >University and Industry Partnership<\/h2><\/div><\/div><\/div><\/div><\/div><img src='https:\/\/www.mebid.org\/wp-content\/uploads\/2018\/07\/\u00fcniversite-sanayi-isbirligi-1920-1080.jpg' width='1920' height='1080' title='\u00fcniversite-sanayi-isbirligi-1920-1080' alt=''  itemprop=\"thumbnailUrl\"   \/><\/a><\/li><\/ul><div class='avia-slideshow-arrows avia-slideshow-controls'><a href='#prev' class='prev-slide' aria-hidden='true' data-av_icon='\ue87c' data-av_iconfont='entypo-fontello'>Previous<\/a><a href='#next' class='next-slide' aria-hidden='true' data-av_icon='\ue87d' data-av_iconfont='entypo-fontello'>Next<\/a><\/div><div class='avia-slideshow-dots avia-slideshow-controls'><a href='#1' class='goto-slide active' >1<\/a><a href='#2' class='goto-slide ' >2<\/a><a href='#3' class='goto-slide ' >3<\/a><a href='#4' class='goto-slide ' >4<\/a><\/div><\/div><\/div>\n<\/div><\/div><\/div><!-- close content main div --><\/div><\/div><div id='av_section_1' class='avia-section main_color avia-section-default avia-no-shadow avia-bg-style-scroll   container_wrap sidebar_right' style = 'background-color: #d6d6d6; '  ><div class='container' ><div class='template-page content  av-content-small alpha units'><div class='post-entry post-entry-type-page post-entry-755'><div class='entry-content-wrapper clearfix'>\n<div class='flex_column_table av-equal-height-column-flextable -flextable' ><div class=\"flex_column av_one_half  no_margin flex_column_table_cell av-equal-height-column av-align-top first  \" style='border-width:10px; border-color:#d6d6d6; border-style:solid; padding:10px 10px 0px 10px ; background-color:#eeeeee; border-radius:0px; '><p><div class='avia-image-container  av-styling-    avia-align-center '  itemprop=\"ImageObject\" itemscope=\"itemscope\" itemtype=\"https:\/\/schema.org\/ImageObject\"  ><div class='avia-image-container-inner'><a href='\/?page_id=324#tab-id-2' class='avia_image'  ><img class='avia_image ' src='https:\/\/www.mebid.org\/wp-content\/uploads\/2019\/01\/future-scientist-uses-high-end-touchscreen-device-to-analyze-lab-test-results-on-dna-research_4o0rrqgae__F0009-2-300x169.png' alt='' title='future-scientist-uses-high-end-touchscreen-device-to-analyze-lab-test-results-on-dna-research_4o0rrqgae__F0009'  itemprop=\"thumbnailUrl\"  \/><\/a><\/div><\/div><br \/>\n<div style='padding-bottom:10px;' class='av-special-heading av-special-heading-h3  blockquote modern-quote modern-centered   '><h3 class='av-special-heading-tag '  itemprop=\"headline\"  >Roadmap of the Medical Biotechnology <\/h3><div class='special-heading-border'><div class='special-heading-inner-border' ><\/div><\/div><\/div><br \/>\n<section class=\"av_textblock_section \"  itemscope=\"itemscope\" itemtype=\"https:\/\/schema.org\/CreativeWork\" ><div class='avia_textblock  '   itemprop=\"text\" ><p style=\"text-align: left;\">The unprecedented developments and huge steps taken in the fields of molecular biology, biotechnology, nanotechnology and electronics in recent times,\u00a0 suggest a future of medical biotechnology that is far beyond the limits of our dreams.<\/p>\n<\/div><\/section><\/p><\/div><\/div><!--close column table wrapper. Autoclose: 1 --><div class='flex_column_table av-equal-height-column-flextable -flextable' ><div class=\"flex_column av_one_half  no_margin flex_column_table_cell av-equal-height-column av-align-top   \" style='border-width:10px; border-color:#d6d6d6; border-style:solid; padding:10px 10px 0px 10px ; background-color:#eeeeee; border-radius:0px; '><p><div class='avia-image-container  av-styling-    avia-align-center '  itemprop=\"ImageObject\" itemscope=\"itemscope\" itemtype=\"https:\/\/schema.org\/ImageObject\"  ><div class='avia-image-container-inner'><a href='\/?page_id=286' class='avia_image'  ><img class='avia_image ' src='https:\/\/www.mebid.org\/wp-content\/uploads\/2019\/01\/12-300x169.jpg' alt='' title='12'  itemprop=\"thumbnailUrl\"  \/><\/a><\/div><\/div><br \/>\n<div style='padding-bottom:10px;' class='av-special-heading av-special-heading-h3  blockquote modern-quote modern-centered   '><h3 class='av-special-heading-tag '  itemprop=\"headline\"  >Emerging Issues of Medical Biotechnology<\/h3><div class='special-heading-border'><div class='special-heading-inner-border' ><\/div><\/div><\/div><br \/>\n<section class=\"av_textblock_section \"  itemscope=\"itemscope\" itemtype=\"https:\/\/schema.org\/CreativeWork\" ><div class='avia_textblock  '   itemprop=\"text\" ><p>Recent developments in genomics and bioinformatics have led to innovations in the fields of personalized medicine, synthetic biology and microbiota. As MEBID, we closely follow the developments in these technologies and bring the issue into the public agenda by emphasizing its importance. In addition, we emphasize the necessity of supporting and implementing the corresponding technologies by institutions and organizations in our country.<\/p>\n<\/div><\/section><\/p><\/div><\/div><!--close column table wrapper. Autoclose: 1 --><\/div><\/div><\/div><!-- close content main div --><\/div><\/div><div id='after_section_1' class='main_color av_default_container_wrap container_wrap sidebar_right'   ><div class='container' ><div class='template-page content  av-content-small alpha units'><div class='post-entry post-entry-type-page post-entry-755'><div class='entry-content-wrapper clearfix'><\/div><\/div><\/div><!-- close content main div --><\/div><\/div><div id='av_section_2' class='avia-section main_color avia-section-default avia-no-shadow avia-bg-style-scroll   container_wrap sidebar_right' style = 'background-color: #d6d6d6; '  ><div class='container' ><div class='template-page content  av-content-small alpha units'><div class='post-entry post-entry-type-page post-entry-755'><div class='entry-content-wrapper clearfix'>\n<div class='flex_column_table av-equal-height-column-flextable -flextable' ><div class=\"flex_column av_one_third  no_margin flex_column_table_cell av-equal-height-column av-align-top first  \" style='border-width:10px; border-color:#d6d6d6; border-style:solid; padding:10px 10px 0px 10px ; background-color:#eeeeee; border-radius:0px; '><p><div class='avia-image-container  av-styling-    avia-align-center '  itemprop=\"ImageObject\" itemscope=\"itemscope\" itemtype=\"https:\/\/schema.org\/ImageObject\"  ><div class='avia-image-container-inner'><a href='\/?page_id=286' class='avia_image'  ><img class='avia_image ' src='https:\/\/www.mebid.org\/wp-content\/uploads\/2019\/01\/2-300x169.jpg' alt='' title='3D medical background with DNA strands'  itemprop=\"thumbnailUrl\"  \/><\/a><\/div><\/div><br \/>\n<div style='padding-bottom:10px;' class='av-special-heading av-special-heading-h3  blockquote modern-quote modern-centered   '><h3 class='av-special-heading-tag '  itemprop=\"headline\"  >News<\/h3><div class='special-heading-border'><div class='special-heading-inner-border' ><\/div><\/div><\/div><br \/>\n<section class=\"av_textblock_section \"  itemscope=\"itemscope\" itemtype=\"https:\/\/schema.org\/CreativeWork\" ><div class='avia_textblock  '   itemprop=\"text\" ><p><a href=\"https:\/\/www.nature.com\/articles\/d41586-018-07573-w\">CRISPR Babies!<\/a><\/p>\n<p><a href=\"https:\/\/www.prnewswire.com\/news-releases\/stem-cell-medicine-licenses-exosome-technology-for-treating-autism-from-ramot-at-tel-aviv-university-300771725.html\">&#8220;Stem Cell Medicine&#8221; Company Patents Exome Seq Methodology<\/a><\/p>\n<p><a href=\"https:\/\/www.tuseb.gov.tr\/tbe\/haberler\/turkiye-genom-projesi-pilot-fazi-tamamlandi\">T\u00dcSEB Finalized the First Step of Turkish Human Genome Project<\/a><\/p>\n<\/div><\/section><\/p><\/div><\/div><!--close column table wrapper. Autoclose: 1 --><div class='flex_column_table av-equal-height-column-flextable -flextable' ><div class=\"flex_column av_one_third  no_margin flex_column_table_cell av-equal-height-column av-align-top   \" style='border-width:10px; border-color:#d6d6d6; border-style:solid; padding:10px 10px 0px 10px ; background-color:#eeeeee; border-radius:0px; '><p><div class='avia-image-container  av-styling-    avia-align-center '  itemprop=\"ImageObject\" itemscope=\"itemscope\" itemtype=\"https:\/\/schema.org\/ImageObject\"  ><div class='avia-image-container-inner'><a href='\/?page_id=218' class='avia_image'  ><img class='avia_image ' src='https:\/\/www.mebid.org\/wp-content\/uploads\/2018\/07\/\u00fcniversite-sanayi-isbirligi-1920-1080.jpg' alt='' title='\u00fcniversite-sanayi-isbirligi-1920-1080'  itemprop=\"thumbnailUrl\"  \/><\/a><\/div><\/div><br \/>\n<div style='padding-bottom:10px;' class='av-special-heading av-special-heading-h3  blockquote modern-quote modern-centered   '><h3 class='av-special-heading-tag '  itemprop=\"headline\"  >University and Industry Partnership <\/h3><div class='special-heading-border'><div class='special-heading-inner-border' ><\/div><\/div><\/div><br \/>\n<section class=\"av_textblock_section \"  itemscope=\"itemscope\" itemtype=\"https:\/\/schema.org\/CreativeWork\" ><div class='avia_textblock  '   itemprop=\"text\" ><p>Effective collaboration between universities and industry is critical for skills development (education and training); the production, acquisition and adoption of knowledge (innovation and technology transfer), and the promotion of entrepreneurship (start-ups).<\/p>\n<\/div><\/section><\/p><\/div><\/div><!--close column table wrapper. Autoclose: 1 --><div class='flex_column_table av-equal-height-column-flextable -flextable' ><div class=\"flex_column av_one_third  no_margin flex_column_table_cell av-equal-height-column av-align-top   \" style='border-width:10px; border-color:#d6d6d6; border-style:solid; padding:10px 10px 0px 10px ; background-color:#eeeeee; border-radius:0px; '><p><div class='avia-image-container  av-styling-    avia-align-center '  itemprop=\"ImageObject\" itemscope=\"itemscope\" itemtype=\"https:\/\/schema.org\/ImageObject\"  ><div class='avia-image-container-inner'><a href='\/?page_id=393' class='avia_image'  ><img class='avia_image ' src='https:\/\/www.mebid.org\/wp-content\/uploads\/2018\/07\/melek-yat\u0131r\u0131mc\u0131-1920-1080.jpg' alt='' title='melek-yat\u0131r\u0131mc\u0131-1920-1080'  itemprop=\"thumbnailUrl\"  \/><\/a><\/div><\/div><br \/>\n<div style='padding-bottom:10px;' class='av-special-heading av-special-heading-h3  blockquote modern-quote modern-centered   '><h3 class='av-special-heading-tag '  itemprop=\"headline\"  >Venture Capital on Medical Biotechnology <\/h3><div class='special-heading-border'><div class='special-heading-inner-border' ><\/div><\/div><\/div><br \/>\n<section class=\"av_textblock_section \"  itemscope=\"itemscope\" itemtype=\"https:\/\/schema.org\/CreativeWork\" ><div class='avia_textblock  '   itemprop=\"text\" ><p>One of our goals as MEBID is to promote the awareness of the concepts of angel investor and venture capital to both industrialists and researchers, and to make them incorporated as a routine of the university-industry partnership.<\/p>\n<\/div><\/section><\/p><\/div><\/div><!--close column table wrapper. Autoclose: 1 --><\/div><\/div><\/div><!-- close content main div --><\/div><\/div><div id='after_section_2' class='main_color av_default_container_wrap container_wrap sidebar_right'   ><div class='container' ><div class='template-page content  av-content-small alpha units'><div class='post-entry post-entry-type-page post-entry-755'><div class='entry-content-wrapper clearfix'><\/div><\/div><\/div><!-- close content main div --><\/div><\/div><div id='av_section_3' class='avia-section main_color avia-section-default avia-no-shadow avia-bg-style-scroll   container_wrap sidebar_right' style = 'background-color: #d6d6d6; '  ><div class='container' ><div class='template-page content  av-content-small alpha units'><div class='post-entry post-entry-type-page post-entry-755'><div class='entry-content-wrapper clearfix'>\n<div class=\"flex_column av_one_half  flex_column_div first  \" style='border-width:10px; border-color:#d6d6d6; border-style:solid; padding:10px 10px 0px 10px ; background-color:#eeeeee; border-radius:0px; '><p><div class='avia-image-container  av-styling-    avia-align-center '  itemprop=\"ImageObject\" itemscope=\"itemscope\" itemtype=\"https:\/\/schema.org\/ImageObject\"  ><div class='avia-image-container-inner'><a href='\/?page_id=26' class='avia_image'  ><img class='avia_image ' src='https:\/\/www.mebid.org\/wp-content\/uploads\/2019\/01\/20-300x169.jpg' alt='' title='DNA background'  itemprop=\"thumbnailUrl\"  \/><\/a><\/div><\/div><br \/>\n<div style='padding-bottom:10px;' class='av-special-heading av-special-heading-h3  blockquote modern-quote modern-centered   '><h3 class='av-special-heading-tag '  itemprop=\"headline\"  >News from Us<\/h3><div class='special-heading-border'><div class='special-heading-inner-border' ><\/div><\/div><\/div><br \/>\n<section class=\"av_textblock_section \"  itemscope=\"itemscope\" itemtype=\"https:\/\/schema.org\/CreativeWork\" ><div class='avia_textblock  '   itemprop=\"text\" ><p>Our association continues to register corporate and individual members. Our preliminary preparations for our MEBID awards, workshops, congresses and panel activities are ongoing. We will continue to share the innovations and developments in medical biotechnology through our constantly updated website.<\/p>\n<\/div><\/section><\/p><\/div><div class=\"flex_column av_one_half  flex_column_div   \" style='border-width:10px; border-color:#d6d6d6; border-style:solid; padding:10px 10px 0px 10px ; background-color:#eeeeee; border-radius:0px; '><p><div class='avia-image-container  av-styling-    avia-align-center '  itemprop=\"ImageObject\" itemscope=\"itemscope\" itemtype=\"https:\/\/schema.org\/ImageObject\"  ><div class='avia-image-container-inner'><a href='https:\/\/www.mebid.org\/en\/home\/' class='avia_image'  ><img class='avia_image ' src='https:\/\/www.mebid.org\/wp-content\/uploads\/2019\/01\/22-300x169.jpg' alt='' title='22'  itemprop=\"thumbnailUrl\"  \/><\/a><\/div><\/div><br \/>\n<div style='padding-bottom:10px;' class='av-special-heading av-special-heading-h3  blockquote modern-quote modern-centered   '><h3 class='av-special-heading-tag '  itemprop=\"headline\"  >Useful Links<\/h3><div class='special-heading-border'><div class='special-heading-inner-border' ><\/div><\/div><\/div><br \/>\n<section class=\"av_textblock_section \"  itemscope=\"itemscope\" itemtype=\"https:\/\/schema.org\/CreativeWork\" ><div class='avia_textblock  '   itemprop=\"text\" ><p style=\"text-align: left;\"><a href=\"http:\/\/:\u00a0https:\/\/www.tuseb.gov.tr\">T\u00fcrkiye Sa\u011fl\u0131k Enstit\u00fcleri Ba\u015fkanl\u0131\u011f\u0131<\/a><\/p>\n<p style=\"text-align: left;\"><a href=\"https:\/\/www.tuseb.gov.tr\/tbe\/\">T\u00fcrkiye Biyoteknoloji Enstit\u00fcs\u00fc<\/a><\/p>\n<p style=\"text-align: left;\"><a href=\"http:\/\/www.tubitak.gov.tr\">T\u00dcB\u0130TAK<\/a><\/p>\n<p style=\"text-align: left;\"><a href=\"http:\/\/www.tuba.gov.tr\/tr\/\">T\u00fcrkiye Bilimler Akademisi<\/a><\/p>\n<p style=\"text-align: left;\"><a href=\"https:\/\/www.nih.gov\">Amerika Birle\u015fik Devletleri Ulusal Sa\u011fl\u0131k Enstit\u00fcleri<\/a><\/p>\n<p style=\"text-align: left;\"><a href=\"http:\/\/www.eih-eu.eu\">Avrupa Sa\u011fl\u0131k Enstit\u00fcs\u00fc<\/a><\/p>\n<\/div><\/section><\/p><\/div><\/div><\/div><\/div><!-- close content main div --><\/div><\/div><div id='after_section_3' class='main_color av_default_container_wrap container_wrap sidebar_right'   ><div class='container' ><div class='template-page content  av-content-small alpha units'><div class='post-entry post-entry-type-page post-entry-755'><div class='entry-content-wrapper clearfix'><\/p>\n","protected":false},"excerpt":{"rendered":"","protected":false},"author":1,"featured_media":0,"parent":0,"menu_order":0,"comment_status":"closed","ping_status":"closed","template":"","meta":[],"_links":{"self":[{"href":"https:\/\/www.mebid.org\/en\/wp-json\/wp\/v2\/pages\/755\/"}],"collection":[{"href":"https:\/\/www.mebid.org\/en\/wp-json\/wp\/v2\/pages\/"}],"about":[{"href":"https:\/\/www.mebid.org\/en\/wp-json\/wp\/v2\/types\/page\/"}],"author":[{"embeddable":true,"href":"https:\/\/www.mebid.org\/en\/wp-json\/wp\/v2\/users\/1\/"}],"replies":[{"embeddable":true,"href":"https:\/\/www.mebid.org\/en\/wp-json\/wp\/v2\/comments\/?post=755"}],"version-history":[{"count":14,"href":"https:\/\/www.mebid.org\/en\/wp-json\/wp\/v2\/pages\/755\/revisions\/"}],"predecessor-version":[{"id":833,"href":"https:\/\/www.mebid.org\/en\/wp-json\/wp\/v2\/pages\/755\/revisions\/833\/"}],"wp:attachment":[{"href":"https:\/\/www.mebid.org\/en\/wp-json\/wp\/v2\/media\/?parent=755"}],"curies":[{"name":"wp","href":"https:\/\/api.w.org\/{rel}","templated":true}]}}